{"id":120,"date":"2022-06-05T20:19:16","date_gmt":"2022-06-05T18:19:16","guid":{"rendered":"https:\/\/www.huginet.net\/?page_id=120"},"modified":"2022-06-06T11:42:56","modified_gmt":"2022-06-06T09:42:56","slug":"sluzby","status":"publish","type":"page","link":"https:\/\/www.huginet.net\/index.php\/sluzby\/","title":{"rendered":"Slu\u017eby"},"content":{"rendered":"<h2 id=\"headline-9-48\" class=\"ct-headline atomic-content-26-title\"><span style=\"color: #000000;\"><em><span style=\"font-size: 20px; font-family: trebuchet ms, geneva, sans-serif;\">Tvorba webov\u00fdch str\u00e1nek na redak\u010dn\u00edm syst\u00e9mu WordPress.<\/span><\/em><\/span><br \/>\n<span style=\"color: #000000;\"><em><span style=\"font-size: 20px; font-family: trebuchet ms, geneva, sans-serif;\">Pluginy, \u00fapravy webu, spr\u00e1va webu, SEO, optimalizace webu.<\/span><\/em><\/span><\/h2>\n<h2><span style=\"color: #000000;\"><em><span style=\"font-family: trebuchet ms, geneva, sans-serif; font-size: 20px;\">Tvorba e-shopu &#8211; internetov\u00e9 obchody na m\u00edru<\/span><\/em><\/span><\/h2>\n<h2><em><span style=\"font-size: 20px; color: #000000; font-family: trebuchet ms, geneva, sans-serif;\">Webhosting v\u010detn\u011b emailov\u00fdch schr\u00e1nek<\/span><\/em><\/h2>\n","protected":false},"excerpt":{"rendered":"<p>Tvorba webov\u00fdch str\u00e1nek na redak\u010dn\u00edm syst\u00e9mu WordPress. Pluginy, \u00fapravy webu, spr\u00e1va webu, SEO, optimalizace webu. Tvorba e-shopu &#8211; internetov\u00e9 obchody na m\u00edru Webhosting v\u010detn\u011b emailov\u00fdch schr\u00e1nek<\/p>\n","protected":false},"author":1,"featured_media":0,"parent":0,"menu_order":0,"comment_status":"closed","ping_status":"closed","template":"","meta":{"_et_pb_use_builder":"","_et_pb_old_content":"","_et_gb_content_width":"","_monsterinsights_skip_tracking":false,"_monsterinsights_sitenote_active":false,"_monsterinsights_sitenote_note":"","_monsterinsights_sitenote_category":0,"ngg_post_thumbnail":0,"footnotes":""},"class_list":["post-120","page","type-page","status-publish","hentry"],"_links":{"self":[{"href":"https:\/\/www.huginet.net\/index.php\/wp-json\/wp\/v2\/pages\/120","targetHints":{"allow":["GET"]}}],"collection":[{"href":"https:\/\/www.huginet.net\/index.php\/wp-json\/wp\/v2\/pages"}],"about":[{"href":"https:\/\/www.huginet.net\/index.php\/wp-json\/wp\/v2\/types\/page"}],"author":[{"embeddable":true,"href":"https:\/\/www.huginet.net\/index.php\/wp-json\/wp\/v2\/users\/1"}],"replies":[{"embeddable":true,"href":"https:\/\/www.huginet.net\/index.php\/wp-json\/wp\/v2\/comments?post=120"}],"version-history":[{"count":0,"href":"https:\/\/www.huginet.net\/index.php\/wp-json\/wp\/v2\/pages\/120\/revisions"}],"wp:attachment":[{"href":"https:\/\/www.huginet.net\/index.php\/wp-json\/wp\/v2\/media?parent=120"}],"curies":[{"name":"wp","href":"https:\/\/api.w.org\/{rel}","templated":true}]}}