{"id":148,"date":"2022-06-06T11:43:33","date_gmt":"2022-06-06T09:43:33","guid":{"rendered":"https:\/\/www.huginet.net\/?page_id=148"},"modified":"2025-01-02T18:34:06","modified_gmt":"2025-01-02T17:34:06","slug":"webove-stranky-wordpress","status":"publish","type":"page","link":"https:\/\/www.huginet.net\/index.php\/webove-stranky-wordpress\/","title":{"rendered":"Webov\u00e9 str\u00e1nky &#8211; WordPress"},"content":{"rendered":"<div class=\"elementor-column elementor-col-50 elementor-top-column elementor-element elementor-element-48c6ab2\" data-id=\"48c6ab2\" data-element_type=\"column\">\n<div class=\"elementor-widget-wrap elementor-element-populated\">\n<div class=\"elementor-element elementor-element-b09f4d3 elementor-widget elementor-widget-text-editor\" data-id=\"b09f4d3\" data-element_type=\"widget\" data-widget_type=\"text-editor.default\">\n<div class=\"elementor-widget-container\">&nbsp;<\/div>\n<div class=\"elementor-widget-container\">\n<h2><span style=\"color: #000000;\"><em><span style=\"font-family: trebuchet ms, geneva, sans-serif;\"><b><span style=\"font-size: 20px;\">Tvorba webov\u00fdch str\u00e1nek a redak\u010dn\u00edho syst\u00e9mu na WordPress&nbsp; od A do Z.<\/span><\/b><\/span><\/em><\/span><\/h2>\n<p><span style=\"color: #000000;\"><em><span style=\"font-family: trebuchet ms, geneva, sans-serif;\">Tvorba webov\u00fdch str\u00e1nek od A do Z, webdesign, SEO, pro nab\u00eddky Va\u0161ich slu\u017eeb nebo produkt\u016f, osobn\u00ed webov\u00e9 str\u00e1nky.<br \/>\n<\/span><\/em><\/span><\/p>\n<p><span style=\"color: #000000;\"><em><span style=\"font-family: trebuchet ms, geneva, sans-serif;\"><strong>V\u00e1\u0161 web bude spl\u0148ovat modern\u00ed po\u017eadavky<\/strong> na optimalizace aby byl zobrazov\u00e1n na v\u0161ech za\u0159\u00edzen\u00edch ( telefony, tablety, PC )<\/span><\/em><\/span><\/p>\n<p><span style=\"color: #000000;\"><em><span style=\"font-family: trebuchet ms, geneva, sans-serif;\"><strong>Tvorba e-shopu<\/strong> s komplexn\u00edmi slu\u017ebami ( e-shop, fakturace, sklady, produkty, dopravou apod.. )&nbsp;<\/span><\/em><\/span><\/p>\n<p><span style=\"color: #000000;\"><em><span style=\"font-family: trebuchet ms, geneva, sans-serif;\"><strong>Vytvo\u0159\u00edme V\u00e1m mikro str\u00e1nky i velk\u00e9 port\u00e1ly<\/strong>, osobn\u00ed str\u00e1nky, firemn\u00ed str\u00e1nky, str\u00e1nky blogu, fotogalerie apod&#8230;&nbsp; <br \/>\n<\/span><\/em><\/span><\/p>\n<p><span style=\"color: #000000;\"><em><span style=\"font-family: trebuchet ms, geneva, sans-serif;\"><strong>Ke ka\u017ed\u00e9mu webu emailov\u00e1 schr\u00e1nka<\/strong> s n\u00e1zvem Va\u0161\u00ed dom\u00e9ny <span style=\"color: #000000;\">nap\u0159..<\/span> <span style=\"color: #0000ff;\">n\u011bkdo@va\u0161edomena.cz<\/span><\/span> <\/em><\/span><\/p>\n<\/div>\n<p><em><span style=\"color: #000000; font-family: trebuchet ms, geneva, sans-serif;\">V dne\u0161n\u00ed dob\u011b je nutnost\u00ed dob\u0159e prezentovat svoji firmu na internetu. Firemn\u00ed weby jsou tak pr\u00e1vem pova\u017eov\u00e1ny za hlavn\u00ed vizitku. Vytvo\u0159\u00edme origin\u00e1ln\u00ed firemn\u00ed webovou prezentaci, kter\u00e1 zviditeln\u00ed va\u0161i spole\u010dnost.<\/span><\/em><\/p>\n<p><em><span style=\"font-family: trebuchet ms, geneva, sans-serif;\"><span style=\"color: #000000;\"><strong>V\u0161echny str\u00e1nky u\u017e v z\u00e1kladn\u00ed cen\u011b podporuj\u00ed HTTPS &#8211; SSL\/TLS certifik\u00e1t<\/strong> od certifika\u010dn\u00ed autority<\/span><strong>&nbsp;<\/strong><span style=\"color: #0000ff;\"><a style=\"color: #0000ff;\" href=\"https:\/\/letsencrypt.org\/\">Let&#8217;s Encrypt.<\/a><\/span> <span style=\"color: #000000;\">Tyto certifik\u00e1ty jsou <strong>v prohl\u00ed\u017ee\u010d\u00edch d\u016fv\u011bryhodn\u00e9<\/strong>&nbsp;a mohou b\u00fdt vyu\u017eity pro plnohodnotn\u00e9 zabezpe\u010den\u00ed webu.<\/span><\/span><\/em><\/p>\n<p><span style=\"font-family: trebuchet ms, geneva, sans-serif;\"><em><span style=\"color: #ff0000;\"><strong>Upozorn\u011bn\u00ed<\/strong>:<\/span> <span style=\"color: #000000;\">Certifik\u00e1ty Let&#8217;s Encrypt poskytujeme formou <strong>best-effort.<\/strong>&nbsp;D\u011bl\u00e1me maximum pro to, aby byl certifik\u00e1t pro web od extern\u00ed autority zaji\u0161t\u011bn a pravideln\u011b obnovov\u00e1n, av\u0161ak na tuto slu\u017ebu nen\u00ed poskytov\u00e1na \u017e\u00e1dn\u00e1 z\u00e1ruka.&nbsp;<\/span><\/em><\/span><\/p>\n<p><span style=\"font-family: trebuchet ms, geneva, sans-serif; color: #000000;\"><em><strong>Proto pro d\u016fle\u017eit\u00e9 weby<\/strong>, jejich\u017e provoz je na validn\u00edm certifik\u00e1tu z\u00e1visl\u00fd, doporu\u010dujeme pou\u017e\u00edvat&nbsp;certifik\u00e1ty komer\u010dn\u00ed. Nap\u0159.&nbsp;certifik\u00e1ty s EV (extended validation) poskytuj\u00ed nejvy\u0161\u0161\u00ed stupe\u0148 ov\u011b\u0159en\u00ed a&nbsp;v adresn\u00edm \u0159\u00e1dku prohl\u00ed\u017ee\u010de je pak uveden i n\u00e1zev spole\u010dnosti vlastn\u00edka dom\u00e9ny, \u010d\u00edm\u017e zvy\u0161uje d\u016fv\u011bryhodnost str\u00e1nek.<\/em><\/span><\/p>\n<p><span style=\"color: #000000;\"><em><span style=\"font-family: trebuchet ms, geneva, sans-serif;\">Va\u0161e str\u00e1nky budou um\u00edst\u011bn\u00fd na na\u0161em webhostingu kter\u00fd m\u00e1me cel\u00fd pod na\u0161\u00edm dohledem 24\/7<\/span> <\/em><\/span><\/p>\n<\/div>\n<\/div>\n<\/div>\n","protected":false},"excerpt":{"rendered":"<p>&nbsp; Tvorba webov\u00fdch str\u00e1nek a redak\u010dn\u00edho syst\u00e9mu na WordPress&nbsp; od A do Z. Tvorba webov\u00fdch str\u00e1nek od A do Z, webdesign, SEO, pro nab\u00eddky Va\u0161ich slu\u017eeb nebo produkt\u016f, osobn\u00ed webov\u00e9 str\u00e1nky. V\u00e1\u0161 web bude spl\u0148ovat modern\u00ed po\u017eadavky na optimalizace aby byl zobrazov\u00e1n na v\u0161ech za\u0159\u00edzen\u00edch ( telefony, tablety, PC ) Tvorba e-shopu s komplexn\u00edmi slu\u017ebami [&hellip;]<\/p>\n","protected":false},"author":1,"featured_media":0,"parent":0,"menu_order":0,"comment_status":"closed","ping_status":"closed","template":"","meta":{"_et_pb_use_builder":"","_et_pb_old_content":"","_et_gb_content_width":"","_monsterinsights_skip_tracking":false,"_monsterinsights_sitenote_active":false,"_monsterinsights_sitenote_note":"","_monsterinsights_sitenote_category":0,"ngg_post_thumbnail":0,"footnotes":""},"class_list":["post-148","page","type-page","status-publish","hentry"],"_links":{"self":[{"href":"https:\/\/www.huginet.net\/index.php\/wp-json\/wp\/v2\/pages\/148","targetHints":{"allow":["GET"]}}],"collection":[{"href":"https:\/\/www.huginet.net\/index.php\/wp-json\/wp\/v2\/pages"}],"about":[{"href":"https:\/\/www.huginet.net\/index.php\/wp-json\/wp\/v2\/types\/page"}],"author":[{"embeddable":true,"href":"https:\/\/www.huginet.net\/index.php\/wp-json\/wp\/v2\/users\/1"}],"replies":[{"embeddable":true,"href":"https:\/\/www.huginet.net\/index.php\/wp-json\/wp\/v2\/comments?post=148"}],"version-history":[{"count":4,"href":"https:\/\/www.huginet.net\/index.php\/wp-json\/wp\/v2\/pages\/148\/revisions"}],"predecessor-version":[{"id":446,"href":"https:\/\/www.huginet.net\/index.php\/wp-json\/wp\/v2\/pages\/148\/revisions\/446"}],"wp:attachment":[{"href":"https:\/\/www.huginet.net\/index.php\/wp-json\/wp\/v2\/media?parent=148"}],"curies":[{"name":"wp","href":"https:\/\/api.w.org\/{rel}","templated":true}]}}