{"id":15,"date":"2022-02-05T01:03:33","date_gmt":"2022-02-05T00:03:33","guid":{"rendered":"http:\/\/www.huginet.net\/?page_id=15"},"modified":"2022-09-02T12:24:50","modified_gmt":"2022-09-02T10:24:50","slug":"domu","status":"publish","type":"page","link":"https:\/\/www.huginet.net\/","title":{"rendered":"Dom\u016f"},"content":{"rendered":"<div class=\"entry-content clearfix\"><span style=\"font-size: 20px; font-family: trebuchet ms, geneva, sans-serif; color: #008000;\"><em>Tvorba webov\u00fdch str\u00e1nek na redak\u010dn\u00edm syst\u00e9mu WordPress.<\/em><\/span><\/div>\n<p><span style=\"color: #993300; font-family: trebuchet ms, geneva, sans-serif;\"><em>Tvorba webov\u00fdch str\u00e1nek od A do Z, webdesign, SEO, pro nab\u00eddky Va\u0161ich slu\u017eeb nebo produkt\u016f, osobn\u00ed webov\u00e9 str\u00e1nky.<br \/>\n<\/em><\/span><\/p>\n<p><span style=\"color: #993300; font-family: trebuchet ms, geneva, sans-serif;\"><em><strong>V\u00e1\u0161 web bude spl\u0148ovat modern\u00ed po\u017eadavky<\/strong> na optimalizace aby byl zobrazov\u00e1n na v\u0161ech za\u0159\u00edzen\u00edch ( telefony, tablety, PC )<\/em><\/span><\/p>\n<p><span style=\"color: #993300; font-family: trebuchet ms, geneva, sans-serif;\"><em><strong>Tvorba e-shopu<\/strong> s komplexn\u00edmi slu\u017ebami ( e-shop, fakturace, sklady, produkty, dopravou apod.. )&nbsp;<\/em><\/span><\/p>\n<p><span style=\"color: #993300; font-family: trebuchet ms, geneva, sans-serif;\"><em><strong>Vytvo\u0159\u00edme V\u00e1m mikro str\u00e1nky i velk\u00e9 port\u00e1ly<\/strong>, osobn\u00ed str\u00e1nky, firemn\u00ed str\u00e1nky, str\u00e1nky blogu, fotogalerie apod\u2026&nbsp; <\/em><\/span><\/p>\n<p><span style=\"font-size: 20px; color: #008000;\"><strong><span style=\"font-family: trebuchet ms, geneva, sans-serif;\"><em>Webhosting pro Va\u0161e str\u00e1nky na na\u0161em v\u00fdkonem serveru<\/em><\/span><\/strong><\/span><\/p>\n<p><span style=\"color: #993300; font-family: trebuchet ms, geneva, sans-serif;\"><em>Va\u0161e webov\u00e9 str\u00e1nky si zaslou\u017e\u00ed \u0161pi\u010dkov\u00fd webhosting s rychlou odezvou a kvalitn\u00edm z\u00e1zem\u00edm.<\/em><\/span><br \/>\n<span style=\"color: #993300; font-family: trebuchet ms, geneva, sans-serif;\"><em>Va\u0161e str\u00e1nky budou um\u00edst\u011bn\u00fd na na\u0161em webhostingu s plnou spr\u00e1vou serveru 24\/7, s prostorem um\u00edst\u011bn\u00fdm na rychl\u00e9m SSD disku.<\/em><\/span><\/p>\n<p><span style=\"color: #008000; font-size: 20px; font-family: trebuchet ms, geneva, sans-serif;\"><em><strong>Opravy radiostanic CB a nalad\u011bn\u00ed ant\u00e9ny<\/strong><\/em><\/span><\/p>\n<p><span style=\"font-family: trebuchet ms, geneva, sans-serif;\"><em><span style=\"color: #993300;\">Opravy diagnostika a se\u0159\u00edzen\u00ed CB stanic<\/span><\/em><\/span><br \/>\n<span style=\"font-family: trebuchet ms, geneva, sans-serif;\"><em><span style=\"color: #993300;\">Lad\u011bn\u00ed ant\u00e9ny na vozidle<\/span><\/em><\/span><\/p>\n","protected":false},"excerpt":{"rendered":"<p>Tvorba webov\u00fdch str\u00e1nek na redak\u010dn\u00edm syst\u00e9mu WordPress. Tvorba webov\u00fdch str\u00e1nek od A do Z, webdesign, SEO, pro nab\u00eddky Va\u0161ich slu\u017eeb nebo produkt\u016f, osobn\u00ed webov\u00e9 str\u00e1nky. V\u00e1\u0161 web bude spl\u0148ovat modern\u00ed po\u017eadavky na optimalizace aby byl zobrazov\u00e1n na v\u0161ech za\u0159\u00edzen\u00edch ( telefony, tablety, PC ) Tvorba e-shopu s komplexn\u00edmi slu\u017ebami ( e-shop, fakturace, sklady, produkty, dopravou [&hellip;]<\/p>\n","protected":false},"author":1,"featured_media":0,"parent":0,"menu_order":0,"comment_status":"closed","ping_status":"closed","template":"","meta":{"_et_pb_use_builder":"off","_et_pb_old_content":"","_et_gb_content_width":"","_monsterinsights_skip_tracking":false,"_monsterinsights_sitenote_active":false,"_monsterinsights_sitenote_note":"","_monsterinsights_sitenote_category":0,"ngg_post_thumbnail":0,"footnotes":""},"class_list":["post-15","page","type-page","status-publish","hentry"],"_links":{"self":[{"href":"https:\/\/www.huginet.net\/index.php\/wp-json\/wp\/v2\/pages\/15","targetHints":{"allow":["GET"]}}],"collection":[{"href":"https:\/\/www.huginet.net\/index.php\/wp-json\/wp\/v2\/pages"}],"about":[{"href":"https:\/\/www.huginet.net\/index.php\/wp-json\/wp\/v2\/types\/page"}],"author":[{"embeddable":true,"href":"https:\/\/www.huginet.net\/index.php\/wp-json\/wp\/v2\/users\/1"}],"replies":[{"embeddable":true,"href":"https:\/\/www.huginet.net\/index.php\/wp-json\/wp\/v2\/comments?post=15"}],"version-history":[{"count":0,"href":"https:\/\/www.huginet.net\/index.php\/wp-json\/wp\/v2\/pages\/15\/revisions"}],"wp:attachment":[{"href":"https:\/\/www.huginet.net\/index.php\/wp-json\/wp\/v2\/media?parent=15"}],"curies":[{"name":"wp","href":"https:\/\/api.w.org\/{rel}","templated":true}]}}