{"id":17,"date":"2022-02-05T01:03:33","date_gmt":"2022-02-05T00:03:33","guid":{"rendered":"http:\/\/www.huginet.net\/?page_id=17"},"modified":"2024-02-05T23:13:37","modified_gmt":"2024-02-05T22:13:37","slug":"kontakt","status":"publish","type":"page","link":"https:\/\/www.huginet.net\/index.php\/kontakt\/","title":{"rendered":"Kontakt"},"content":{"rendered":"<p><span style=\"font-family: trebuchet ms, geneva, sans-serif;\"><em><span style=\"font-size: 20px; color: #000000;\">Kontakt:<\/span><\/em><\/span><\/p>\n<p><span style=\"font-family: trebuchet ms, geneva, sans-serif;\"><em><span style=\"color: #000000;\">Martin \u0160r\u00e1mek<\/span><\/em><\/span><br \/>\n<span style=\"font-family: trebuchet ms, geneva, sans-serif;\"><em><span style=\"color: #000000;\">Blatnick\u00e1 4219\/4<\/span><\/em><\/span><br \/>\n<span style=\"font-family: trebuchet ms, geneva, sans-serif;\"><em><span style=\"color: #000000;\">628 00, Brno &#8211; \u017didenice <\/span><\/em><\/span><br \/>\n<span style=\"font-family: trebuchet ms, geneva, sans-serif;\"><em><span style=\"color: #000000;\">I\u010cO: 73643491&nbsp;<\/span><\/em><\/span><\/p>\n<p><span style=\"font-family: trebuchet ms, geneva, sans-serif;\"><em><span style=\"color: #000000;\">Nejsem pl\u00e1tcem DPH<\/span><\/em><\/span><\/p>\n<p><span style=\"font-family: trebuchet ms, geneva, sans-serif;\"><em><span style=\"color: #000000;\">Fyzick\u00e1 osoba zapsan\u00e1 v \u017divnostensk\u00e9m rejst\u0159\u00edku od 11.10.2004.<\/span><\/em><\/span><br \/>\n<span style=\"font-family: trebuchet ms, geneva, sans-serif;\"><em><span style=\"color: #000000;\">\u00da\u0159ad p\u0159\u00edslu\u0161n\u00fd podle \u00a771 odst.2 \u017eivnostensk\u00e9ho z\u00e1kona: <span class=\"aktual dato\">Magistr\u00e1t m\u011bsta Brna<\/span><\/span><\/em><\/span><\/p>\n<hr>\n<p><span style=\"font-family: trebuchet ms, geneva, sans-serif;\"><em><span style=\"color: #000000;\">572 01 Poli\u010dka<\/span><\/em><\/span><br \/>\n<span style=\"font-family: trebuchet ms, geneva, sans-serif;\"><em><span style=\"color: #000000;\">tel. 775 856 672&nbsp; &#8211; viz otev\u00edrac\u00ed doba<br \/>\ne-mail:&nbsp; podpora@huginet.net<br \/>\n<\/span><\/em><\/span><\/p>\n<p><span style=\"font-family: trebuchet ms, geneva, sans-serif;\"><em><span style=\"color: #000000;\"><br \/>\n<\/span><\/em><\/span><br \/>\n<span style=\"font-family: trebuchet ms, geneva, sans-serif;\"><em><span style=\"color: #000000;\"><strong>Otev\u00edrac\u00ed doba<\/strong><\/span><\/em><\/span><br \/>\n<span style=\"font-family: trebuchet ms, geneva, sans-serif;\"><em><span style=\"color: #000000;\">po telefonick\u00e9 dohod\u011b<\/span><\/em><\/span><br \/>\n<span style=\"font-family: trebuchet ms, geneva, sans-serif;\"><em><span style=\"color: #000000;\">Pond\u011bl\u00ed \u2014 \u010dtvrtek: &nbsp; &nbsp; &nbsp; 17:00 &#8211; 20:00<\/span><\/em><\/span><br \/>\n<span style=\"font-family: trebuchet ms, geneva, sans-serif;\"><em><span style=\"color: #000000;\">P\u00e1tek : &nbsp; &nbsp; &nbsp; &nbsp; &nbsp; &nbsp; &nbsp; &nbsp; &nbsp; &nbsp; &nbsp;&nbsp; 16:00 &#8211; 22:00<\/span><\/em><\/span><br \/>\n<span style=\"font-family: trebuchet ms, geneva, sans-serif;\"><em><span style=\"color: #000000;\">Sobota :&nbsp;&nbsp;&nbsp;&nbsp;&nbsp;&nbsp;&nbsp;&nbsp;&nbsp;&nbsp;&nbsp;&nbsp;&nbsp;&nbsp;&nbsp;&nbsp;&nbsp;&nbsp;&nbsp;&nbsp;&nbsp; 10:00 &#8211; 22:00<\/span><\/em><\/span><\/p>\n<p>&nbsp;<\/p>\n","protected":false},"excerpt":{"rendered":"<p>Kontakt: Martin \u0160r\u00e1mek Blatnick\u00e1 4219\/4 628 00, Brno &#8211; \u017didenice I\u010cO: 73643491&nbsp; Nejsem pl\u00e1tcem DPH Fyzick\u00e1 osoba zapsan\u00e1 v \u017divnostensk\u00e9m rejst\u0159\u00edku od 11.10.2004. \u00da\u0159ad p\u0159\u00edslu\u0161n\u00fd podle \u00a771 odst.2 \u017eivnostensk\u00e9ho z\u00e1kona: Magistr\u00e1t m\u011bsta Brna 572 01 Poli\u010dka tel. 775 856 672&nbsp; &#8211; viz otev\u00edrac\u00ed doba e-mail:&nbsp; podpora@huginet.net Otev\u00edrac\u00ed doba po telefonick\u00e9 dohod\u011b Pond\u011bl\u00ed \u2014 \u010dtvrtek: &nbsp; [&hellip;]<\/p>\n","protected":false},"author":1,"featured_media":12,"parent":0,"menu_order":0,"comment_status":"closed","ping_status":"closed","template":"","meta":{"_et_pb_use_builder":"","_et_pb_old_content":"","_et_gb_content_width":"","_monsterinsights_skip_tracking":false,"_monsterinsights_sitenote_active":false,"_monsterinsights_sitenote_note":"","_monsterinsights_sitenote_category":0,"ngg_post_thumbnail":0,"footnotes":""},"class_list":["post-17","page","type-page","status-publish","has-post-thumbnail","hentry"],"_links":{"self":[{"href":"https:\/\/www.huginet.net\/index.php\/wp-json\/wp\/v2\/pages\/17","targetHints":{"allow":["GET"]}}],"collection":[{"href":"https:\/\/www.huginet.net\/index.php\/wp-json\/wp\/v2\/pages"}],"about":[{"href":"https:\/\/www.huginet.net\/index.php\/wp-json\/wp\/v2\/types\/page"}],"author":[{"embeddable":true,"href":"https:\/\/www.huginet.net\/index.php\/wp-json\/wp\/v2\/users\/1"}],"replies":[{"embeddable":true,"href":"https:\/\/www.huginet.net\/index.php\/wp-json\/wp\/v2\/comments?post=17"}],"version-history":[{"count":1,"href":"https:\/\/www.huginet.net\/index.php\/wp-json\/wp\/v2\/pages\/17\/revisions"}],"predecessor-version":[{"id":438,"href":"https:\/\/www.huginet.net\/index.php\/wp-json\/wp\/v2\/pages\/17\/revisions\/438"}],"wp:featuredmedia":[{"embeddable":true,"href":"https:\/\/www.huginet.net\/index.php\/wp-json\/wp\/v2\/media\/12"}],"wp:attachment":[{"href":"https:\/\/www.huginet.net\/index.php\/wp-json\/wp\/v2\/media?parent=17"}],"curies":[{"name":"wp","href":"https:\/\/api.w.org\/{rel}","templated":true}]}}