{"id":230,"date":"2022-06-08T15:12:05","date_gmt":"2022-06-08T13:12:05","guid":{"rendered":"https:\/\/www.huginet.net\/?page_id=230"},"modified":"2022-06-08T19:52:01","modified_gmt":"2022-06-08T17:52:01","slug":"recenze","status":"publish","type":"page","link":"https:\/\/www.huginet.net\/index.php\/recenze\/","title":{"rendered":"Recenze"},"content":{"rendered":"<p>&nbsp;<\/p>\n<p><a title=\"Maserterapeut web\" href=\"https:\/\/www.maserterapeut.cz\" target=\"_blank\" rel=\"noopener\"><em><span style=\"font-family: trebuchet ms, geneva, sans-serif;\"><span style=\"color: #0000ff;\">www.maserterapeut.cz<\/span><\/span><\/em><\/a><em><span style=\"font-family: trebuchet ms, geneva, sans-serif;\"> &nbsp;&nbsp;&nbsp;&nbsp;&nbsp;&nbsp;&nbsp;&nbsp;&nbsp;&nbsp;&nbsp;&nbsp;&nbsp;&nbsp;&nbsp;&nbsp;&nbsp; &nbsp; &nbsp; &nbsp; &nbsp;&nbsp; web str\u00e1nky,&nbsp; e-shop,&nbsp; galerie<\/span><\/em><\/p>\n<p><em><span style=\"font-family: trebuchet ms, geneva, sans-serif;\"><a title=\"Nehtov\u00e9 studio\" href=\"https:\/\/www.nehtove-studio-mici.eu\" target=\"_blank\" rel=\"noopener\"><span style=\"color: #0000ff;\">www.nehtove-studio-mici.eu<\/span>&nbsp;<\/a> &nbsp;&nbsp;&nbsp;&nbsp;&nbsp;&nbsp;&nbsp; &nbsp; &nbsp; &nbsp; &nbsp;&nbsp; web str\u00e1nky, galerie<br \/>\n<\/span><\/em><\/p>\n<p><em><span style=\"font-family: trebuchet ms, geneva, sans-serif;\"><a title=\"Eko likviace\" href=\"https:\/\/www.centrum-eko-likvidace.org\" target=\"_blank\" rel=\"noopener\"><span style=\"color: #0000ff;\">www.centrum-eko-likvidace.org<\/span><\/a> &nbsp;&nbsp;&nbsp;&nbsp;&nbsp;&nbsp; &nbsp;&nbsp; &nbsp;&nbsp; web st\u00e1nky, PC servis<br \/>\n<\/span><\/em><\/p>\n<p><em><span style=\"font-family: trebuchet ms, geneva, sans-serif;\"><a title=\"BDSM salon\" href=\"https:\/\/www.bdsm-angels.cz\" target=\"_blank\" rel=\"noopener\"><span style=\"color: #0000ff;\">www.bdsm-angels.cz<\/span><\/a> &nbsp;&nbsp;&nbsp;&nbsp;&nbsp;&nbsp;&nbsp;&nbsp;&nbsp;&nbsp;&nbsp;&nbsp;&nbsp;&nbsp;&nbsp;&nbsp;&nbsp;&nbsp;&nbsp;&nbsp;&nbsp;&nbsp;&nbsp;&nbsp; &nbsp;&nbsp;&nbsp; web str\u00e1nky, galerie<\/span><\/em><\/p>\n<p><em><span style=\"font-family: trebuchet ms, geneva, sans-serif;\"><a title=\"Pejsci v nouzi - pomoc pro pejsky\" href=\"https:\/\/www.pejscivnouzi.cz\" target=\"_blank\" rel=\"noopener\"><span style=\"color: #0000ff;\">www.pejscivnouzi.cz<\/span><\/a> &nbsp;&nbsp;&nbsp;&nbsp;&nbsp;&nbsp;&nbsp;&nbsp;&nbsp;&nbsp;&nbsp;&nbsp;&nbsp;&nbsp;&nbsp;&nbsp;&nbsp;&nbsp;&nbsp;&nbsp;&nbsp;&nbsp;&nbsp;&nbsp;&nbsp;&nbsp; &nbsp;&nbsp; web str\u00e1nky, e-shop, galerie &#8211; Neziskov\u00e1 organizace<\/span><\/em><\/p>\n<p><em><span style=\"font-family: trebuchet ms, geneva, sans-serif;\"><a href=\"https:\/\/www.vratmejimusmev.cz\"><span style=\"color: #0000ff;\">www.vratmejimusmev.cz<\/span><\/a> &nbsp;&nbsp;&nbsp;&nbsp;&nbsp;&nbsp;&nbsp;&nbsp;&nbsp;&nbsp;&nbsp;&nbsp;&nbsp;&nbsp;&nbsp;&nbsp;&nbsp;&nbsp;&nbsp;&nbsp;&nbsp;&nbsp; web str\u00e1nky, e-shop, galerie &#8211; z.s. handicapovan\u00e9 d\u011bti<\/span><\/em><\/p>\n<p><em><span style=\"font-family: trebuchet ms, geneva, sans-serif;\"><span style=\"color: #0000ff;\">www.elor.cz&nbsp;&nbsp;&nbsp;<\/span>&nbsp;&nbsp;&nbsp;&nbsp;&nbsp;&nbsp; &nbsp; &nbsp; &nbsp; &nbsp; &nbsp; &nbsp; &nbsp; &nbsp; &nbsp; &nbsp;&nbsp; &nbsp; &nbsp; &nbsp; &nbsp; &nbsp;&nbsp; &nbsp; web str\u00e1nky<\/span><\/em><\/p>\n<p><em><span style=\"font-family: trebuchet ms, geneva, sans-serif;\"><span style=\"color: #0000ff;\">www.eko-skatrace.cz<\/span>&nbsp;&nbsp;&nbsp;&nbsp; &nbsp; &nbsp; &nbsp; &nbsp; &nbsp; &nbsp; &nbsp; &nbsp; &nbsp; &nbsp;&nbsp;&nbsp;&nbsp;&nbsp; web str\u00e1nky, PC servis<br \/>\n<\/span><\/em><\/p>\n<p><em><span style=\"font-family: trebuchet ms, geneva, sans-serif;\"><span style=\"color: #0000ff;\">www.bgvision.cz<\/span> &nbsp; &nbsp; &nbsp;&nbsp; &nbsp; &nbsp; &nbsp; &nbsp; &nbsp; &nbsp; &nbsp; &nbsp; &nbsp; &nbsp;&nbsp;&nbsp;&nbsp;&nbsp;&nbsp;&nbsp;&nbsp;&nbsp; web str\u00e1nky, spr\u00e1va s\u00edt\u011b<br \/>\n<\/span><\/em><\/p>\n<p><em><span style=\"font-family: trebuchet ms, geneva, sans-serif;\"><span style=\"color: #0000ff;\">www.haliburton.eu<\/span>&nbsp;&nbsp;&nbsp;&nbsp; &nbsp; &nbsp; &nbsp; &nbsp; &nbsp; &nbsp; &nbsp; &nbsp; &nbsp; &nbsp; &nbsp; &nbsp; &nbsp; &nbsp; web str\u00e1nky, spr\u00e1va s\u00edt\u011b, PC servis<br \/>\n<\/span><\/em><\/p>\n<p><em><span style=\"font-family: trebuchet ms, geneva, sans-serif;\"><span style=\"color: #0000ff;\">www.sormnet.cz<\/span>&nbsp;&nbsp;&nbsp;&nbsp;&nbsp;&nbsp;&nbsp;&nbsp;&nbsp;&nbsp; &nbsp; &nbsp; &nbsp; &nbsp; &nbsp; &nbsp; &nbsp; &nbsp;&nbsp; &nbsp;&nbsp;&nbsp;&nbsp;&nbsp;&nbsp;&nbsp; web str\u00e1nky, spr\u00e1va s\u00edt\u011b, PC servis<br \/>\n<\/span><\/em><\/p>\n<p><em><span style=\"font-family: trebuchet ms, geneva, sans-serif;\"><span style=\"color: #0000ff;\">www.milu.cz&nbsp;<\/span>&nbsp;&nbsp;&nbsp;&nbsp;&nbsp;&nbsp;&nbsp;&nbsp;&nbsp;&nbsp;&nbsp;&nbsp;&nbsp;&nbsp;&nbsp;&nbsp;&nbsp;&nbsp;&nbsp; &nbsp; &nbsp; &nbsp;&nbsp; &nbsp; &nbsp; &nbsp; &nbsp; &nbsp; &nbsp;&nbsp;&nbsp; web str\u00e1nky<\/span><\/em><\/p>\n<p><em><span style=\"font-family: trebuchet ms, geneva, sans-serif;\"><span style=\"color: #0000ff;\">www.sladekautoservis.cz<\/span>&nbsp; &nbsp; &nbsp; &nbsp; &nbsp; &nbsp; &nbsp; &nbsp; &nbsp; &nbsp; &nbsp; web str\u00e1nky<\/span><\/em><\/p>\n<p><em><span style=\"font-family: trebuchet ms, geneva, sans-serif;\"><a href=\"http:\/\/www.afkveltrusy.cz\" target=\"_blank\" rel=\"noopener\"><span style=\"color: #0000ff;\">www.afkveltrusy.cz<\/span><\/a>&nbsp;&nbsp;&nbsp;&nbsp;&nbsp;&nbsp;&nbsp;&nbsp; &nbsp; &nbsp; &nbsp; &nbsp; &nbsp; &nbsp; &nbsp;&nbsp; &nbsp; &nbsp; &nbsp; &nbsp; web str\u00e1nky<\/span><\/em><\/p>\n<p><em><span style=\"font-family: trebuchet ms, geneva, sans-serif;\"><span style=\"color: #0000ff;\"><a href=\"http:\/\/www.keramika-fajt.cz\" target=\"_blank\" rel=\"noopener\"><span style=\"background-color: #0000ff;\"><span style=\"background-color: #ffffff; color: #0000ff;\">www.keramika-fajt.cz<\/span><\/span><\/a> &nbsp;<\/span> &nbsp;&nbsp;&nbsp;&nbsp;&nbsp;&nbsp;&nbsp; &nbsp; &nbsp; &nbsp; &nbsp; &nbsp; &nbsp; &nbsp; &nbsp;&nbsp; v\u00fdvoj web str\u00e1nek&nbsp;<\/span><\/em><\/p>\n<p><em><span style=\"font-family: trebuchet ms, geneva, sans-serif;\"><span style=\"color: #0000ff;\">www.autodilnachladek.cz<\/span>&nbsp;&nbsp; &nbsp; &nbsp; &nbsp; &nbsp; &nbsp; &nbsp; &nbsp; &nbsp; &nbsp;&nbsp; web str\u00e1nky<\/span><\/em><\/p>\n","protected":false},"excerpt":{"rendered":"<p>&nbsp; www.maserterapeut.cz &nbsp;&nbsp;&nbsp;&nbsp;&nbsp;&nbsp;&nbsp;&nbsp;&nbsp;&nbsp;&nbsp;&nbsp;&nbsp;&nbsp;&nbsp;&nbsp;&nbsp; &nbsp; &nbsp; &nbsp; &nbsp;&nbsp; web str\u00e1nky,&nbsp; e-shop,&nbsp; galerie www.nehtove-studio-mici.eu&nbsp; &nbsp;&nbsp;&nbsp;&nbsp;&nbsp;&nbsp;&nbsp; &nbsp; &nbsp; &nbsp; &nbsp;&nbsp; web str\u00e1nky, galerie www.centrum-eko-likvidace.org &nbsp;&nbsp;&nbsp;&nbsp;&nbsp;&nbsp; &nbsp;&nbsp; &nbsp;&nbsp; web st\u00e1nky, PC servis www.bdsm-angels.cz &nbsp;&nbsp;&nbsp;&nbsp;&nbsp;&nbsp;&nbsp;&nbsp;&nbsp;&nbsp;&nbsp;&nbsp;&nbsp;&nbsp;&nbsp;&nbsp;&nbsp;&nbsp;&nbsp;&nbsp;&nbsp;&nbsp;&nbsp;&nbsp; &nbsp;&nbsp;&nbsp; web str\u00e1nky, galerie www.pejscivnouzi.cz &nbsp;&nbsp;&nbsp;&nbsp;&nbsp;&nbsp;&nbsp;&nbsp;&nbsp;&nbsp;&nbsp;&nbsp;&nbsp;&nbsp;&nbsp;&nbsp;&nbsp;&nbsp;&nbsp;&nbsp;&nbsp;&nbsp;&nbsp;&nbsp;&nbsp;&nbsp; &nbsp;&nbsp; web str\u00e1nky, e-shop, galerie &#8211; Neziskov\u00e1 organizace www.vratmejimusmev.cz &nbsp;&nbsp;&nbsp;&nbsp;&nbsp;&nbsp;&nbsp;&nbsp;&nbsp;&nbsp;&nbsp;&nbsp;&nbsp;&nbsp;&nbsp;&nbsp;&nbsp;&nbsp;&nbsp;&nbsp;&nbsp;&nbsp; web str\u00e1nky, e-shop, galerie &#8211; z.s. handicapovan\u00e9 d\u011bti www.elor.cz&nbsp;&nbsp;&nbsp;&nbsp;&nbsp;&nbsp;&nbsp;&nbsp;&nbsp; [&hellip;]<\/p>\n","protected":false},"author":1,"featured_media":0,"parent":0,"menu_order":0,"comment_status":"closed","ping_status":"closed","template":"","meta":{"_et_pb_use_builder":"","_et_pb_old_content":"","_et_gb_content_width":"","_monsterinsights_skip_tracking":false,"_monsterinsights_sitenote_active":false,"_monsterinsights_sitenote_note":"","_monsterinsights_sitenote_category":0,"ngg_post_thumbnail":0,"footnotes":""},"class_list":["post-230","page","type-page","status-publish","hentry"],"_links":{"self":[{"href":"https:\/\/www.huginet.net\/index.php\/wp-json\/wp\/v2\/pages\/230","targetHints":{"allow":["GET"]}}],"collection":[{"href":"https:\/\/www.huginet.net\/index.php\/wp-json\/wp\/v2\/pages"}],"about":[{"href":"https:\/\/www.huginet.net\/index.php\/wp-json\/wp\/v2\/types\/page"}],"author":[{"embeddable":true,"href":"https:\/\/www.huginet.net\/index.php\/wp-json\/wp\/v2\/users\/1"}],"replies":[{"embeddable":true,"href":"https:\/\/www.huginet.net\/index.php\/wp-json\/wp\/v2\/comments?post=230"}],"version-history":[{"count":0,"href":"https:\/\/www.huginet.net\/index.php\/wp-json\/wp\/v2\/pages\/230\/revisions"}],"wp:attachment":[{"href":"https:\/\/www.huginet.net\/index.php\/wp-json\/wp\/v2\/media?parent=230"}],"curies":[{"name":"wp","href":"https:\/\/api.w.org\/{rel}","templated":true}]}}