{"id":390,"date":"2022-09-02T10:42:23","date_gmt":"2022-09-02T08:42:23","guid":{"rendered":"https:\/\/www.huginet.net\/?page_id=390"},"modified":"2022-09-02T14:35:14","modified_gmt":"2022-09-02T12:35:14","slug":"opravy-radiostanic-cb","status":"publish","type":"page","link":"https:\/\/www.huginet.net\/index.php\/opravy-radiostanic-cb\/","title":{"rendered":"Opravy radiostanic CB"},"content":{"rendered":"<p><span style=\"color: #800000; font-size: 24px;\"><em><span style=\"font-family: trebuchet ms, geneva, sans-serif;\"><strong>&nbsp;&nbsp;&nbsp; Opravy radiostanic CB a nalad\u011bn\u00ed ant\u00e9ny cen\u00edk<br \/>\n<\/strong><\/span><\/em><\/span><\/p>\n<p><span style=\"font-size: 24px;\">&nbsp; &nbsp;&nbsp;&nbsp; <\/span><span style=\"color: #0000ff; font-family: trebuchet ms, geneva, sans-serif; font-size: 20px;\"><strong><em>Telefon +420 775 856 672 nebo email: podpora@huginet.net<\/em><\/strong><\/span><\/p>\n<p>&nbsp;<\/p>\n<div class=\"et_pb_column et_pb_column_4_4 et_pb_column_0 et_pb_css_mix_blend_mode_passthrough et-last-child\">\n<div class=\"et_pb_module et_pb_text et_pb_text_0 et_pb_bg_layout_light et_pb_text_align_left\">\n<div class=\"et_pb_text_inner\">\n<ul>\n<li><span style=\"color: #000000; font-family: trebuchet ms, geneva, sans-serif; font-size: 16px;\">Z\u00e1kladn\u00ed cena&nbsp;servisn\u00edch prac\u00ed je&nbsp;<strong>1000 K\u010d\/h v\u010d. DPH<\/strong>. v\u00fdm\u011bna koncov\u00e9ho v\u00fdkonov\u00e9ho VF stupn\u011b CB, ( cena se m\u016f\u017ee li\u0161it dle ceny koncov\u00e9ho v\u00fdkonov\u00e9ho VF stupn\u011b CB )&nbsp; <br \/>\n<\/span><\/li>\n<li><span style=\"color: #000000; font-family: trebuchet ms, geneva, sans-serif; font-size: 16px;\">Diagnostika z\u00e1vady CB (bez opravy) \u2013 210<strong> K\u010d v\u010d. DPH<\/strong><\/span><\/li>\n<li><span style=\"color: #000000; font-family: trebuchet ms, geneva, sans-serif; font-size: 16px;\">Odzkou\u0161en\u00ed a m\u011b\u0159en\u00ed jednoduch\u00e9 radiostanice (CB) bez protokolu \u2013 <strong>200 K\u010d v\u010d. DPH<\/strong><\/span><\/li>\n<li><span style=\"color: #000000; font-family: trebuchet ms, geneva, sans-serif; font-size: 16px;\">Vy\u010di\u0161t\u011bn\u00ed (b\u011b\u017en\u00e9 zne\u010di\u0161t\u011bn\u00ed, prach uvnit\u0159 stanice, a pod.) \u2013&nbsp;<strong>300 K\u010d v\u010d. DPH<\/strong><\/span><\/li>\n<li><span style=\"color: #000000; font-family: trebuchet ms, geneva, sans-serif; font-size: 16px;\">P\u0159eprogramov\u00e1n\u00ed profi radiostanic \u2013&nbsp;<strong>360 K\u010d v\u010d. DPH<\/strong><\/span><\/li>\n<li><span style=\"color: #000000; font-family: trebuchet ms, geneva, sans-serif; font-size: 16px;\">Slo\u017eit\u011bj\u0161\u00ed a \u010dasov\u011b n\u00e1ro\u010dn\u00e9 opravy se \u00fa\u010dtuj\u00ed podle pot\u0159ebn\u00e9ho \u010dasu a&nbsp;z\u00e1kladn\u00ed ceny<\/span><\/li>\n<li><span style=\"color: #000000; font-family: trebuchet ms, geneva, sans-serif; font-size: 16px;\">Lad\u011bn\u00ed ant\u00e9ny na vozidle \u2013<strong>250 K\u010d v\u010d. DPH <\/strong>( ant\u00e9na mus\u00ed b\u00fdt ji\u017e namontov\u00e1na na po\u017eadovan\u00e9m m\u00edst\u011b a mus\u00ed m\u00edt voln\u011b p\u0159\u00edstupn\u00fd konektor. M\u011b\u0159en\u00ed a nastaven\u00ed prov\u00e1d\u00edme za pomoci SWR ant\u00e9nn\u00edho analyz\u00e1toru )<\/span><\/li>\n<\/ul>\n<p>&nbsp;<\/p>\n<p><em><span style=\"background-color: #ffffff; color: #993300; font-size: 20px; font-family: trebuchet ms, geneva, sans-serif;\">&nbsp;<strong>Kontaktn\u00ed formul\u00e1\u0159<\/strong><\/span><\/em><br \/>\n<span style=\"color: #000000;\"><div class=\"wpforms-container wpforms-container-full\" id=\"wpforms-415\"><form id=\"wpforms-form-415\" class=\"wpforms-validate wpforms-form wpforms-ajax-form\" data-formid=\"415\" method=\"post\" enctype=\"multipart\/form-data\" action=\"\/index.php\/wp-json\/wp\/v2\/pages\/390\" data-token=\"4fb5cc2fe76357d3dd5a876fb856b6bc\" data-token-time=\"1778073119\"><noscript class=\"wpforms-error-noscript\">Chcete-li vyplnit tento formul\u00e1\u0159, pros\u00edm povolte v prohl\u00ed\u017ee\u010di JavaScript.<\/noscript><div class=\"wpforms-field-container\"><div id=\"wpforms-415-field_0-container\" class=\"wpforms-field wpforms-field-name\" data-field-id=\"0\"><label class=\"wpforms-field-label\">Jmeno a p\u0159\u00edjmen\u00ed <span class=\"wpforms-required-label\">*<\/span><\/label><div class=\"wpforms-field-row wpforms-field-medium\"><div class=\"wpforms-field-row-block wpforms-first wpforms-one-half\"><input type=\"text\" id=\"wpforms-415-field_0\" class=\"wpforms-field-name-first wpforms-field-required\" name=\"wpforms[fields][0][first]\" required><label for=\"wpforms-415-field_0\" class=\"wpforms-field-sublabel after\">K\u0159estn\u00ed jm\u00e9no<\/label><\/div><div class=\"wpforms-field-row-block wpforms-one-half\"><input type=\"text\" id=\"wpforms-415-field_0-last\" class=\"wpforms-field-name-last wpforms-field-required\" name=\"wpforms[fields][0][last]\" required><label for=\"wpforms-415-field_0-last\" class=\"wpforms-field-sublabel after\">P\u0159\u00edjmen\u00ed<\/label><\/div><\/div><\/div><div id=\"wpforms-415-field_1-container\" class=\"wpforms-field wpforms-field-email\" data-field-id=\"1\"><label class=\"wpforms-field-label\" for=\"wpforms-415-field_1\">Email <span class=\"wpforms-required-label\">*<\/span><\/label><input type=\"email\" id=\"wpforms-415-field_1\" class=\"wpforms-field-medium wpforms-field-required\" name=\"wpforms[fields][1]\" spellcheck=\"false\" required><\/div><div id=\"wpforms-415-field_6-container\" class=\"wpforms-field wpforms-field-select wpforms-field-select-style-classic\" data-field-id=\"6\"><label class=\"wpforms-field-label\" for=\"wpforms-415-field_6\">Pot\u0159ebuji tuto slu\u017ebu <span class=\"wpforms-required-label\">*<\/span><\/label><select id=\"wpforms-415-field_6\" class=\"wpforms-field-medium wpforms-field-required\" name=\"wpforms[fields][6]\" required=\"required\"><option value=\"\" class=\"placeholder\" disabled  selected='selected'>Vyberte mo\u017enost.......<\/option><option value=\"Oprava radiostanice CB\"  class=\"choice-1 depth-1\"  >Oprava radiostanice CB<\/option><option value=\"Diagnostika radiostanice CB\"  class=\"choice-2 depth-1\"  >Diagnostika radiostanice CB<\/option><option value=\"Nalad\u011bn\u00ed ant\u00e9ny CB na vozidle\"  class=\"choice-3 depth-1\"  >Nalad\u011bn\u00ed ant\u00e9ny CB na vozidle<\/option><\/select><div class=\"wpforms-field-description\">Zde vyberte jakou slu\u017ebu po\u017eadujete<\/div><\/div><div id=\"wpforms-415-field_2-container\" class=\"wpforms-field wpforms-field-textarea\" data-field-id=\"2\"><label class=\"wpforms-field-label\" for=\"wpforms-415-field_2\">Zpr\u00e1va <span class=\"wpforms-required-label\">*<\/span><\/label><textarea id=\"wpforms-415-field_2\" class=\"wpforms-field-medium wpforms-field-required\" name=\"wpforms[fields][2]\" placeholder=\"zpr\u00e1va....\" required><\/textarea><div class=\"wpforms-field-description\">Zde popi\u0161te z\u00e1vadu nebo chov\u00e1n\u00ed radiostanice CB, v\u00fdrobce a typ radiostanice CB, p\u0159\u00edpadn\u011b pot\u0159ebuji naladit ant\u00e9nu na vozidle.<\/div><\/div><div id=\"wpforms-415-field_5-container\" class=\"wpforms-field wpforms-field-checkbox\" data-field-id=\"5\"><label class=\"wpforms-field-label\">Souhlas s GDPR <span class=\"wpforms-required-label\">*<\/span><\/label><ul id=\"wpforms-415-field_5\" class=\"wpforms-field-required\"><li class=\"choice-1 depth-1\"><input type=\"checkbox\" id=\"wpforms-415-field_5_1\" name=\"wpforms[fields][5][]\" value=\"Souhlas\u00edm ze spracov\u00e1n\u00edm osobn\u00edch \u00fadaj\u016f dle GDPR - Na\u0159\u00edzen\u00ed Evropsk\u00e9ho parlamentu a Rady (EU) \u010d. 2016\/679\" required ><label class=\"wpforms-field-label-inline\" for=\"wpforms-415-field_5_1\">Souhlas\u00edm ze spracov\u00e1n\u00edm osobn\u00edch \u00fadaj\u016f dle GDPR - Na\u0159\u00edzen\u00ed Evropsk\u00e9ho parlamentu a Rady (EU) \u010d. 2016\/679<\/label><\/li><\/ul><div class=\"wpforms-field-description\">Mus\u00edte souhlasit p\u0159ed odesl\u00e1n\u00edm<\/div><\/div><\/div><!-- .wpforms-field-container --><div class=\"wpforms-recaptcha-container wpforms-is-recaptcha wpforms-is-recaptcha-type-v3\" ><input type=\"hidden\" name=\"wpforms[recaptcha]\" value=\"\"><\/div><div class=\"wpforms-submit-container\" ><input type=\"hidden\" name=\"wpforms[id]\" value=\"415\"><input type=\"hidden\" name=\"page_title\" value=\"\"><input type=\"hidden\" name=\"page_url\" value=\"https:\/\/www.huginet.net\/index.php\/wp-json\/wp\/v2\/pages\/390\"><input type=\"hidden\" name=\"url_referer\" value=\"\"><button type=\"submit\" name=\"wpforms[submit]\" id=\"wpforms-submit-415\" class=\"wpforms-submit\" aria-live=\"assertive\" value=\"wpforms-submit\">Odeslat<\/button><img loading=\"lazy\" decoding=\"async\" src=\"https:\/\/www.huginet.net\/wp-content\/plugins\/wpforms-lite\/assets\/images\/submit-spin.svg\" class=\"wpforms-submit-spinner\" style=\"display: none;\" width=\"26\" height=\"26\" alt=\"Na\u010d\u00edt\u00e1n\u00ed\"><\/div><\/form><\/div>  <!-- .wpforms-container --><\/span><\/p>\n<\/div>\n<\/div>\n<\/div>\n","protected":false},"excerpt":{"rendered":"<p>&nbsp;&nbsp;&nbsp; Opravy radiostanic CB a nalad\u011bn\u00ed ant\u00e9ny cen\u00edk &nbsp; &nbsp;&nbsp;&nbsp; Telefon +420 775 856 672 nebo email: podpora@huginet.net &nbsp; Z\u00e1kladn\u00ed cena&nbsp;servisn\u00edch prac\u00ed je&nbsp;1000 K\u010d\/h v\u010d. DPH. v\u00fdm\u011bna koncov\u00e9ho v\u00fdkonov\u00e9ho VF stupn\u011b CB, ( cena se m\u016f\u017ee li\u0161it dle ceny koncov\u00e9ho v\u00fdkonov\u00e9ho VF stupn\u011b CB )&nbsp; Diagnostika z\u00e1vady CB (bez opravy) \u2013 210 K\u010d v\u010d. DPH [&hellip;]<\/p>\n","protected":false},"author":1,"featured_media":0,"parent":0,"menu_order":0,"comment_status":"closed","ping_status":"closed","template":"","meta":{"_et_pb_use_builder":"","_et_pb_old_content":"","_et_gb_content_width":"","_monsterinsights_skip_tracking":false,"_monsterinsights_sitenote_active":false,"_monsterinsights_sitenote_note":"","_monsterinsights_sitenote_category":0,"ngg_post_thumbnail":0,"footnotes":""},"class_list":["post-390","page","type-page","status-publish","hentry"],"_links":{"self":[{"href":"https:\/\/www.huginet.net\/index.php\/wp-json\/wp\/v2\/pages\/390","targetHints":{"allow":["GET"]}}],"collection":[{"href":"https:\/\/www.huginet.net\/index.php\/wp-json\/wp\/v2\/pages"}],"about":[{"href":"https:\/\/www.huginet.net\/index.php\/wp-json\/wp\/v2\/types\/page"}],"author":[{"embeddable":true,"href":"https:\/\/www.huginet.net\/index.php\/wp-json\/wp\/v2\/users\/1"}],"replies":[{"embeddable":true,"href":"https:\/\/www.huginet.net\/index.php\/wp-json\/wp\/v2\/comments?post=390"}],"version-history":[{"count":0,"href":"https:\/\/www.huginet.net\/index.php\/wp-json\/wp\/v2\/pages\/390\/revisions"}],"wp:attachment":[{"href":"https:\/\/www.huginet.net\/index.php\/wp-json\/wp\/v2\/media?parent=390"}],"curies":[{"name":"wp","href":"https:\/\/api.w.org\/{rel}","templated":true}]}}