{"id":84,"date":"2022-03-21T21:28:47","date_gmt":"2022-03-21T20:28:47","guid":{"rendered":"http:\/\/www.huginet.net\/?page_id=84"},"modified":"2022-06-07T17:29:12","modified_gmt":"2022-06-07T15:29:12","slug":"cookie-policy","status":"publish","type":"page","link":"https:\/\/www.huginet.net\/index.php\/cookie-policy\/","title":{"rendered":"Cookie Policy"},"content":{"rendered":"<div class=\"cli_pg_page_contaner\">\n<h3><span style=\"color: #000000;\">O t\u00e9to politice cookie<\/span><\/h3>\n<div>\n<p><span style=\"color: #000000;\">Tato politika cookie vysv\u011btluje Jak\u00e9 cookies jsou a jak je pou\u017e\u00edvat, typy cookies pou\u017e\u00edv\u00e1me tj. Informace, kter\u00e9 sb\u00edr\u00e1me pomoc\u00ed cookies a jak tyto informace jsou pou\u017eity, a jak ovl\u00e1dat p\u0159edvolby cookie. Dal\u0161\u00ed informace o tom, jak pou\u017e\u00edv\u00e1me, ukl\u00e1dat, a udr\u017eet va\u0161e osobn\u00ed \u00fadaje zabezpe\u010den\u00e9, viz na\u0161e z\u00e1sady ochrany osobn\u00edch \u00fadaj\u016f.<\/span><\/p>\n<p><span style=\"color: #000000;\">M\u016f\u017eete kdykoliv zm\u011bnit nebo odebrat souhlas z deklarace cookie na na\u0161ich webov\u00fdch str\u00e1nk\u00e1ch<\/span><br \/>\n<span style=\"color: #000000;\">Dal\u0161\u00ed informace o tom, kdo jsme, jak n\u00e1s m\u016f\u017eete kontaktovat, a jak zpracov\u00e1v\u00e1me osobn\u00ed \u00fadaje v na\u0161ich z\u00e1sad\u00e1ch ochrany osobn\u00edch \u00fadaj\u016f.<\/span><br \/>\n<span style=\"color: #000000;\">V\u00e1\u0161 souhlas se vztahuje na n\u00e1sleduj\u00edc\u00ed dom\u00e9ny: www.huginet.net<\/span><\/p>\n<p><span style=\"color: #000000;\"><div class=\"cli_user_consent_state\">V\u00e1\u0161 aktu\u00e1ln\u00ed stav: \u017d\u00e1dn\u00fd souhlas nebyl ud\u011blen. <a class=\"cli_manage_current_consent\" style=\"cursor:pointer;text-decoration:underline;\">Spravujte sv\u016fj souhlas.<\/a> <\/div><\/span><\/p>\n<\/div>\n<h3>&nbsp;<\/h3>\n<h3><span style=\"color: #000000;\">Co jsou cookies?<\/span><\/h3>\n<div><span style=\"color: #000000;\">Cookies jsou mal\u00e9 textov\u00e9 soubory, kter\u00e9 se pou\u017e\u00edvaj\u00ed k ukl\u00e1d\u00e1n\u00ed mal\u00fdch informac\u00ed. Jsou ulo\u017eeny v za\u0159\u00edzen\u00ed, kdy\u017e je web na\u010dtena ve va\u0161em prohl\u00ed\u017ee\u010di. Tyto soubory cookie n\u00e1m pom\u00e1haj\u00ed spr\u00e1vn\u011b fungovat webov\u00e9 str\u00e1nky, aby byl bezpe\u010dn\u011bj\u0161\u00ed, poskytnout lep\u0161\u00ed u\u017eivatelsk\u00e9 zku\u0161enosti a pochopit, jak webov\u00e9 str\u00e1nky prov\u00e1d\u00ed a analyzovat, co funguje a kde pot\u0159ebuje zlep\u0161en\u00ed.<\/span><\/div>\n<h3>&nbsp;<\/h3>\n<h3><span style=\"color: #000000;\">Jak pou\u017e\u00edv\u00e1me soubory cookie?<\/span><\/h3>\n<div>\n<p><span style=\"color: #000000;\">Jako v\u011bt\u0161ina online slu\u017eeb vyu\u017e\u00edv\u00e1 na\u0161e webov\u00e9 str\u00e1nky pro n\u011bkolik c\u00edl\u016f cookies prvn\u00ed strany a t\u0159et\u00ed strany. Cookies prvn\u00ed strany jsou v\u011bt\u0161inou nezbytn\u00e9 pro webov\u00e9 str\u00e1nky, aby fungovaly spr\u00e1vnou cestu a neshroma\u017e\u010fuj\u00ed \u017e\u00e1dnou z va\u0161ich osobn\u011b identifikovateln\u00fdch dat.<\/span><\/p>\n<p><span style=\"color: #000000;\">Soubory cookie t\u0159et\u00edch stran pou\u017e\u00edvan\u00fdch na na\u0161ich webov\u00fdch str\u00e1nk\u00e1ch jsou p\u0159edev\u0161\u00edm pro pochopen\u00ed toho, jak webov\u00e9 str\u00e1nky prov\u00e1d\u00ed, jak komunikovat s na\u0161imi webov\u00fdmi str\u00e1nkami, udr\u017eov\u00e1n\u00ed na\u0161ich slu\u017eeb zabezpe\u010den\u00fdch a poskytov\u00e1n\u00edm inzer\u00e1t\u016f, kter\u00e9 jsou pro v\u00e1s relevantn\u00ed, a v\u0161e, co v\u00e1m poskytuj\u00ed lep\u0161\u00ed a vylep\u0161en\u00fd u\u017eivatel Zku\u0161enosti a pomoci urychlit budouc\u00ed interakce s na\u0161imi webov\u00fdmi str\u00e1nkami.<\/span><\/p>\n<\/div>\n<h3>&nbsp;<\/h3>\n<h3><span style=\"color: #000000;\">Jak\u00e9 typy cookies pou\u017e\u00edv\u00e1me?<\/span><\/h3>\n<div>\n<p><span style=\"color: #000000;\">ESSIONAL: N\u011bkter\u00e9 soubory cookie jsou nezbytn\u00e9 pro v\u00e1s, abyste mohli za\u017e\u00edt plnou funk\u010dnost na\u0161ich str\u00e1nek. Umo\u017e\u0148uj\u00ed n\u00e1m udr\u017eovat relace u\u017eivatele a zabr\u00e1nit jak\u00fdmkoliv bezpe\u010dnostn\u00edm hrozb\u00e1m. Shroma\u017e\u010fuj\u00ed ani neskladuj\u00ed \u017e\u00e1dn\u00e9 osobn\u00ed \u00fadaje. Tyto soubory cookie v\u00e1m nap\u0159\u00edklad umo\u017e\u0148uj\u00ed p\u0159ihl\u00e1sit k va\u0161emu \u00fa\u010dtu a p\u0159idat zbo\u017e\u00ed do ko\u0161\u00edku a bezpe\u010dn\u011b pokladny.<\/span><\/p>\n<p><span style=\"color: #000000;\">Statistiky: Tyto soubory cookies ukl\u00e1daj\u00ed informace, jako je po\u010det n\u00e1v\u0161t\u011bvn\u00edk\u016f webov\u00fdch str\u00e1nek, po\u010det jedine\u010dn\u00fdch n\u00e1v\u0161t\u011bvn\u00edk\u016f, kter\u00e9 str\u00e1nky webov\u00fdch str\u00e1nek nav\u0161t\u00edvili, zdroj n\u00e1v\u0161t\u011bvy atd. Tyto \u00fadaje n\u00e1m pom\u00e1haj\u00ed pochopit a analyzovat, jak dob\u0159e funguj\u00ed webov\u00e9 str\u00e1nky a kde pot\u0159ebuje zlep\u0161en\u00ed.<\/span><\/p>\n<p><span style=\"color: #000000;\">Marketing: Na\u0161e webov\u00e9 str\u00e1nky zobrazuj\u00ed reklamy. Tyto soubory cookie slou\u017e\u00ed k personalizaci reklam, kter\u00e9 v\u00e1m uk\u00e1\u017eeme, tak\u017ee jsou pro v\u00e1s smyslupln\u00ed. Tyto soubory cookie tak\u00e9 pom\u00e1haj\u00ed sledovat efektivitu t\u011bchto reklamn\u00edch kampan\u00ed.<\/span><br \/>\n<span style=\"color: #000000;\">Informace ulo\u017een\u00e9 v t\u011bchto cookies mohou b\u00fdt tak\u00e9 pou\u017eity poskytovateli reklamy t\u0159et\u00edch stran, aby v\u00e1m tak\u00e9 zobrazili reklamy na jin\u00fdch webov\u00fdch str\u00e1nk\u00e1ch v prohl\u00ed\u017ee\u010di.<\/span><\/p>\n<p><span style=\"color: #000000;\">Funk\u010dn\u00ed: THESE jsou soubory cookie, kter\u00e9 pom\u00e1haj\u00ed ur\u010dit\u00fdm non-nezbytn\u00fdm funkcionalit\u00e1m na na\u0161ich webov\u00fdch str\u00e1nk\u00e1ch. Tyto funkce zahrnuj\u00ed vlo\u017een\u00ed obsahu jako videa nebo sd\u00edlen\u00ed obsahu webov\u00fdch str\u00e1nek na platform\u00e1ch soci\u00e1ln\u00edch m\u00e9di\u00ed.<\/span><\/p>\n<p><span style=\"color: #000000;\">P\u0159edvolby: Tyto soubory cookie n\u00e1m pom\u00e1haj\u00ed ukl\u00e1dat va\u0161e nastaven\u00ed a proch\u00e1zen\u00ed p\u0159edvoleb, jako jsou jazykov\u00e9 p\u0159edvolby, tak\u017ee m\u00e1te lep\u0161\u00ed a efektivn\u00ed zku\u0161enosti s budouc\u00edmi n\u00e1v\u0161t\u011bvami webov\u00fdch str\u00e1nek.<\/span><\/p>\n<p><span style=\"color: #000000;\"><p>N\u00ed\u017ee uveden\u00fd seznam podrobnost\u00ed soubor\u016f cookie, pou\u017e\u00edvan\u00e9 na na\u0161ich webov\u00fdch str\u00e1nk\u00e1ch.<\/p><table class=\"cookielawinfo-row-cat-table cookielawinfo-classic\"><thead><tr><th class=\"cookielawinfo-column-1\">Cookie<\/th><th class=\"cookielawinfo-column-4\">Popis<\/th><\/tr><\/thead><tbody><tr class=\"cookielawinfo-row\"><td class=\"cookielawinfo-column-1\">_ga<\/td><td class=\"cookielawinfo-column-4\"><p>Cookie _ga, nainstalovan\u00fd spole\u010dnost\u00ed Google Analytics, vypo\u010d\u00edt\u00e1 data n\u00e1v\u0161t\u011bvn\u00edka, relace a kampan\u011b a tak\u00e9 sleduje vyu\u017eit\u00ed webu pro analytickou zpr\u00e1vu webu. Cookie ukl\u00e1d\u00e1 informace anonymn\u011b a p\u0159i\u0159ad\u00ed n\u00e1hodn\u011b generovan\u00e9 \u010d\u00edslo k rozpozn\u00e1n\u00ed jedine\u010dn\u00fdch n\u00e1v\u0161t\u011bvn\u00edk\u016f.<\/p><\/td><\/tr><tr class=\"cookielawinfo-row\"><td class=\"cookielawinfo-column-1\">_ga_ZBT4CNV4ZF<\/td><td class=\"cookielawinfo-column-4\"><p>Tento cookie je nainstalov\u00e1n spole\u010dnost\u00ed Google Analytics.<\/p><\/td><\/tr><tr class=\"cookielawinfo-row\"><td class=\"cookielawinfo-column-1\">_GRECAPTCHA<\/td><td class=\"cookielawinfo-column-4\"><p>Tento cookie je nastaven slu\u017ebou Google Recaptcha, aby identifikoval roboty, aby chr\u00e1nil web p\u0159ed \u0161kodliv\u00fdmi \u00fatoky na spam.<\/p><\/td><\/tr><tr class=\"cookielawinfo-row\"><td class=\"cookielawinfo-column-1\">cookielawinfo-checkbox-advertisement<\/td><td class=\"cookielawinfo-column-4\"><p>Tento soubor cookie nastaveno pomoc\u00ed Pluginu souboru GDPR soubor\u016f Cookie, je pou\u017e\u00edv\u00e1n k nahr\u00e1v\u00e1n\u00ed souhlasu u\u017eivatele pro soubory cookie v kategorii \"Reklama\".<\/p><\/td><\/tr><tr class=\"cookielawinfo-row\"><td class=\"cookielawinfo-column-1\">cookielawinfo-checkbox-analytics<\/td><td class=\"cookielawinfo-column-4\"><p>Tento soubor cookie je nastaven Plugin souboru GDPR soubor\u016f cookie. Cookie slou\u017e\u00ed k ulo\u017een\u00ed souhlasu u\u017eivatele pro soubory cookie v kategorii \"Analytics\".<\/p><\/td><\/tr><tr class=\"cookielawinfo-row\"><td class=\"cookielawinfo-column-1\">cookielawinfo-checkbox-functional<\/td><td class=\"cookielawinfo-column-4\"><p>Cookie je nastaven spole\u010dnost\u00ed GDPR soubor\u016f Cookie souhlasit s nahr\u00e1v\u00e1n\u00edm souhlasu u\u017eivatele pro soubory cookie v kategorii \"Funkce\".<\/p><\/td><\/tr><tr class=\"cookielawinfo-row\"><td class=\"cookielawinfo-column-1\">cookielawinfo-checkbox-necessary<\/td><td class=\"cookielawinfo-column-4\"><p>Tento soubor cookie je nastaven Plugin souboru GDPR soubor\u016f cookie. Soubory cookie slou\u017e\u00ed k ulo\u017een\u00ed souhlasu u\u017eivatele pro soubory cookie v kategorii \"nezbytn\u00e9\".<\/p><\/td><\/tr><tr class=\"cookielawinfo-row\"><td class=\"cookielawinfo-column-1\">cookielawinfo-checkbox-others<\/td><td class=\"cookielawinfo-column-4\"><p>Tento soubor cookie je nastaven Plugin souboru GDPR soubor\u016f cookie. Cookie slou\u017e\u00ed k ulo\u017een\u00ed souhlasu u\u017eivatele pro soubory cookie v kategorii \"Ostatn\u00ed.<\/p><\/td><\/tr><tr class=\"cookielawinfo-row\"><td class=\"cookielawinfo-column-1\">cookielawinfo-checkbox-performance<\/td><td class=\"cookielawinfo-column-4\"><p>Tento soubor cookie je nastaven Plugin souboru GDPR soubor\u016f cookie. Cookie slou\u017e\u00ed k ulo\u017een\u00ed souhlasu u\u017eivatele pro soubory cookie v kategorii \"v\u00fdkon\".<\/p><\/td><\/tr><tr class=\"cookielawinfo-row\"><td class=\"cookielawinfo-column-1\">CookieLawInfoConsent<\/td><td class=\"cookielawinfo-column-4\"><p>Zaznamen\u00e1v\u00e1 v\u00fdchoz\u00ed stav tla\u010d\u00edtka odpov\u00eddaj\u00edc\u00ed kategorie a stav CCPA. Funguje to pouze v koordinaci s prim\u00e1rn\u00edm souborem cookie.<\/p><\/td><\/tr><tr class=\"cookielawinfo-row\"><td class=\"cookielawinfo-column-1\">viewed_cookie_policy<\/td><td class=\"cookielawinfo-column-4\"><p>Cookie je nastaven Plugin souboru souboru GDPR a slou\u017e\u00ed k ulo\u017een\u00ed, zda u\u017eivatel souhlasil s pou\u017eit\u00edm cookies. Neskl\u00e1d\u00e1 \u017e\u00e1dn\u00e9 osobn\u00ed \u00fadaje.<\/p><\/td><\/tr><\/tbody><\/table><\/span><\/p>\n<\/div>\n<div>\n<h4 class=\"privacy-settings-accordion-heading\"><span class=\"title\" style=\"color: #000000;\">Akismet<\/span><\/h4>\n<\/div>\n<div id=\"privacy-settings-accordion-block-akismet\" class=\"privacy-settings-accordion-panel privacy-text-box-body hide-privacy-policy-tutorial\"><span style=\"color: #000000;\">Sb\u00edr\u00e1me informace o komentuj\u00edc\u00edch na str\u00e1nk\u00e1ch, kter\u00e9 pou\u017eivaj\u00ed na\u0161i anti-spam slu\u017ebu Akismet. To, kolik dat zpracujeme, z\u00e1le\u017e\u00ed na u\u017eivateli, jak Akismet nastav\u00ed, ale obvykle je to IP adresa, user agent, referrer a URL str\u00e1nky (spolu s ostatn\u00edmi daty poskytnut\u00fdmi p\u0159\u00edmo komentuj\u00edc\u00edm, jako nap\u0159. jm\u00e9no, u\u017eivatelsk\u00e9 jm\u00e9no, e-mail a koment\u00e1\u0159 samotn\u00fd).<\/span><\/p>\n<div class=\"privacy-settings-accordion-actions\">&nbsp;<\/div>\n<\/div>\n<h3><span style=\"color: #000000;\">Jak mohu ovl\u00e1dat preference cookie?<\/span><\/h3>\n<div>\n<p><span style=\"color: #000000;\">Pokud se rozhodnete zm\u011bnit sv\u00e9 p\u0159edvolby pozd\u011bji prost\u0159ednictv\u00edm relace proch\u00e1zen\u00ed, m\u016f\u017eete kliknout na kartu &#8222;Privacy &amp; Cookie z\u00e1sad&#8220; na obrazovce. To zobraz\u00ed ozn\u00e1men\u00ed o souhlasu, kter\u00fd v\u00e1m umo\u017en\u00ed zm\u011bnit sv\u00e9 p\u0159edvolby nebo zcela zru\u0161it sv\u016fj souhlas.<\/span><\/p>\n<p><span style=\"color: #000000;\">Krom\u011b toho, r\u016fzn\u00e9 prohl\u00ed\u017ee\u010de poskytuj\u00ed r\u016fzn\u00e9 metody blokovat a odstranit soubory cookie pou\u017e\u00edvan\u00e9 webov\u00fdmi str\u00e1nkami. Nastaven\u00ed prohl\u00ed\u017ee\u010de m\u016f\u017eete zm\u011bnit blokovat \/ odstranit soubory cookie. Chcete-li se dozv\u011bd\u011bt v\u00edce o tom, jak spravovat a mazat cookies, nav\u0161tivte <\/span><span style=\"color: #0000ff;\">wikipedia.org, www.allaboutcookies.org.<\/span><\/p>\n<\/div>\n<\/div>\n","protected":false},"excerpt":{"rendered":"<p>O t\u00e9to politice cookie Tato politika cookie vysv\u011btluje Jak\u00e9 cookies jsou a jak je pou\u017e\u00edvat, typy cookies pou\u017e\u00edv\u00e1me tj. Informace, kter\u00e9 sb\u00edr\u00e1me pomoc\u00ed cookies a jak tyto informace jsou pou\u017eity, a jak ovl\u00e1dat p\u0159edvolby cookie. Dal\u0161\u00ed informace o tom, jak pou\u017e\u00edv\u00e1me, ukl\u00e1dat, a udr\u017eet va\u0161e osobn\u00ed \u00fadaje zabezpe\u010den\u00e9, viz na\u0161e z\u00e1sady ochrany osobn\u00edch \u00fadaj\u016f. M\u016f\u017eete [&hellip;]<\/p>\n","protected":false},"author":1,"featured_media":0,"parent":0,"menu_order":0,"comment_status":"closed","ping_status":"closed","template":"","meta":{"_et_pb_use_builder":"","_et_pb_old_content":"","_et_gb_content_width":"","_monsterinsights_skip_tracking":false,"_monsterinsights_sitenote_active":false,"_monsterinsights_sitenote_note":"","_monsterinsights_sitenote_category":0,"ngg_post_thumbnail":0,"footnotes":""},"class_list":["post-84","page","type-page","status-publish","hentry"],"_links":{"self":[{"href":"https:\/\/www.huginet.net\/index.php\/wp-json\/wp\/v2\/pages\/84","targetHints":{"allow":["GET"]}}],"collection":[{"href":"https:\/\/www.huginet.net\/index.php\/wp-json\/wp\/v2\/pages"}],"about":[{"href":"https:\/\/www.huginet.net\/index.php\/wp-json\/wp\/v2\/types\/page"}],"author":[{"embeddable":true,"href":"https:\/\/www.huginet.net\/index.php\/wp-json\/wp\/v2\/users\/1"}],"replies":[{"embeddable":true,"href":"https:\/\/www.huginet.net\/index.php\/wp-json\/wp\/v2\/comments?post=84"}],"version-history":[{"count":0,"href":"https:\/\/www.huginet.net\/index.php\/wp-json\/wp\/v2\/pages\/84\/revisions"}],"wp:attachment":[{"href":"https:\/\/www.huginet.net\/index.php\/wp-json\/wp\/v2\/media?parent=84"}],"curies":[{"name":"wp","href":"https:\/\/api.w.org\/{rel}","templated":true}]}}